{"id":22,"date":"2023-09-11T11:34:34","date_gmt":"2023-09-11T09:34:34","guid":{"rendered":"https:\/\/manonboudin.com\/?page_id=22"},"modified":"2025-08-06T10:41:44","modified_gmt":"2025-08-06T08:41:44","slug":"a-propos","status":"publish","type":"page","link":"https:\/\/manonboudin.com\/","title":{"rendered":"A propos"},"content":{"rendered":"\n<p class=\"has-text-align-left\">Apr\u00e8s avoir vogu\u00e9 entre la France et la Belgique pour r\u00e9aliser mes \u00e9tudes, j\u2019ai obtenu le titre de psychologue clinicienne et psychoth\u00e9rapeute en 2018. Apr\u00e8s avoir exerc\u00e9 en institutions psychiatriques, passionn\u00e9e par les troubles psychotiques, j\u2019ai ensuite travaill\u00e9 durant 5 ans dans le secteur socio-judiciaire en r\u00e9pondant \u00e0 tous type de mandats provenant des Magistrats (Juge d\u2019Instruction, Juge aux Affaires Familiales, Juge des Enfants, Juge d\u2019Application des peines).<\/p>\n\n\n\n<p class=\"has-text-align-left\">Ces cinq ann\u00e9es d\u2019exp\u00e9rience en tant que psychologue expert m\u2019ont permis d\u2019\u00e9laborer des projets de soins, de r\u00e9aliser des \u00e9valuations cliniques et de personnalit\u00e9 approfondie, de penser et comprendre les individus tant dans leur subjectivit\u00e9 qu&rsquo;au sein de leur syst\u00e8me familial. Le travail d\u2019expert aupr\u00e8s de la Cour d\u2019Assises, m\u2019a permis d\u2019obtenir de fines connaissances sur les fonctionnements humains tout en cr\u00e9ant des projets d\u2019accompagnement individualis\u00e9s r\u00e9pondants aux besoins sp\u00e9cifiques tant des auteurs que des victimes d&rsquo;infractions.<\/p>\n\n\n\n<p class=\"has-text-align-left\">Apr\u00e8s avoir supervis\u00e9 des \u00e9quipes de psychologues travaillant au sein du secteur judiciaire, il me fallait retourner au contact direct, des patients. En effet, pouvoir exercer la relation d\u2019aide est une condition essentielle \u00e0 mon \u00e9panouissement professionnel. \u2028Ainsi depuis mai 2023, j\u2019allie une pratique institutionnelle associative en Sa\u00f4ne et Loire (71) (aupr\u00e8s des enfants dans l\u2019attente d\u2019une orientation aupr\u00e8s d\u2019un \u00e9tablissement m\u00e9dico-social pour cause de la pr\u00e9sence d\u2019un handicap&nbsp;: TDAH, trouble du spectre autistique, trouble oppositionnel, trouble du comportement) et une pratique lib\u00e9rale sur la commune de Beaune (21).<\/p>\n","protected":false},"excerpt":{"rendered":"<p>Apr\u00e8s avoir vogu\u00e9 entre la France et la Belgique pour r\u00e9aliser mes \u00e9tudes, j\u2019ai obtenu le titre de psychologue clinicienne et psychoth\u00e9rapeute en 2018. Apr\u00e8s avoir exerc\u00e9 en institutions psychiatriques, passionn\u00e9e par les troubles psychotiques, j\u2019ai ensuite travaill\u00e9 durant 5 ans dans le secteur socio-judiciaire en r\u00e9pondant \u00e0 tous type de mandats provenant des Magistrats &hellip; <a href=\"https:\/\/manonboudin.com\/\" class=\"more-link\">Continuer la lecture de <span class=\"screen-reader-text\">A propos<\/span> <span class=\"meta-nav\">&rarr;<\/span><\/a><\/p>\n","protected":false},"author":2,"featured_media":0,"parent":0,"menu_order":0,"comment_status":"closed","ping_status":"closed","template":"","meta":{"footnotes":""},"class_list":["post-22","page","type-page","status-publish","hentry"],"aioseo_notices":[],"_links":{"self":[{"href":"https:\/\/manonboudin.com\/index.php\/wp-json\/wp\/v2\/pages\/22","targetHints":{"allow":["GET"]}}],"collection":[{"href":"https:\/\/manonboudin.com\/index.php\/wp-json\/wp\/v2\/pages"}],"about":[{"href":"https:\/\/manonboudin.com\/index.php\/wp-json\/wp\/v2\/types\/page"}],"author":[{"embeddable":true,"href":"https:\/\/manonboudin.com\/index.php\/wp-json\/wp\/v2\/users\/2"}],"replies":[{"embeddable":true,"href":"https:\/\/manonboudin.com\/index.php\/wp-json\/wp\/v2\/comments?post=22"}],"version-history":[{"count":5,"href":"https:\/\/manonboudin.com\/index.php\/wp-json\/wp\/v2\/pages\/22\/revisions"}],"predecessor-version":[{"id":109,"href":"https:\/\/manonboudin.com\/index.php\/wp-json\/wp\/v2\/pages\/22\/revisions\/109"}],"wp:attachment":[{"href":"https:\/\/manonboudin.com\/index.php\/wp-json\/wp\/v2\/media?parent=22"}],"curies":[{"name":"wp","href":"https:\/\/api.w.org\/{rel}","templated":true}]}}